{"id":2284,"date":"2024-04-17T19:57:25","date_gmt":"2024-04-17T19:57:25","guid":{"rendered":"https:\/\/comexbrindes.com.br\/site\/?post_type=product&#038;p=2284"},"modified":"2026-01-23T20:24:42","modified_gmt":"2026-01-23T20:24:42","slug":"moleskine-capa-dura-couro-sintetico-pautado-fechamento-elastico-1853-gl","status":"publish","type":"product","link":"https:\/\/comexbrindes.com.br\/site\/produto\/moleskine-capa-dura-couro-sintetico-pautado-fechamento-elastico-1853-gl\/","title":{"rendered":"23 MOLESKINE CAPA DURA COURO SINT\u00c9TICO &#8211; GL.1853 e GL.2853"},"content":{"rendered":"<ul>\n<li>80 folhas pautadas marfim.<\/li>\n<li>Fechamento el\u00e1stico e fita separadora.<\/li>\n<li><strong>Cores:<\/strong> Corti\u00e7a GL.1853 | Marrom GL.2853<\/li>\n<li><strong>Tamanho:<\/strong> 21 x 14 cm.<\/li>\n<li><strong>Grava\u00e7\u00e3o: <\/strong>tampografia uma cor em um lado.<\/li>\n<\/ul>\n","protected":false},"excerpt":{"rendered":"<p>80 folhas pautadas marfim. Fechamento el\u00e1stico e fita separadora. Cores: Corti\u00e7a GL.1853 | Marrom GL.2853 Tamanho: 21 x 14 cm. Grava\u00e7\u00e3o: tampografia uma cor em um lado.<\/p>\n","protected":false},"featured_media":5903,"template":"","meta":[],"product_cat":[56],"product_tag":[],"class_list":{"0":"post-2284","1":"product","2":"type-product","3":"status-publish","4":"has-post-thumbnail","6":"product_cat-blocos","8":"first","9":"instock","10":"shipping-taxable","11":"product-type-variable"},"_links":{"self":[{"href":"https:\/\/comexbrindes.com.br\/site\/wp-json\/wp\/v2\/product\/2284","targetHints":{"allow":["GET"]}}],"collection":[{"href":"https:\/\/comexbrindes.com.br\/site\/wp-json\/wp\/v2\/product"}],"about":[{"href":"https:\/\/comexbrindes.com.br\/site\/wp-json\/wp\/v2\/types\/product"}],"version-history":[{"count":7,"href":"https:\/\/comexbrindes.com.br\/site\/wp-json\/wp\/v2\/product\/2284\/revisions"}],"predecessor-version":[{"id":4518,"href":"https:\/\/comexbrindes.com.br\/site\/wp-json\/wp\/v2\/product\/2284\/revisions\/4518"}],"wp:featuredmedia":[{"embeddable":true,"href":"https:\/\/comexbrindes.com.br\/site\/wp-json\/wp\/v2\/media\/5903"}],"wp:attachment":[{"href":"https:\/\/comexbrindes.com.br\/site\/wp-json\/wp\/v2\/media?parent=2284"}],"wp:term":[{"taxonomy":"product_cat","embeddable":true,"href":"https:\/\/comexbrindes.com.br\/site\/wp-json\/wp\/v2\/product_cat?post=2284"},{"taxonomy":"product_tag","embeddable":true,"href":"https:\/\/comexbrindes.com.br\/site\/wp-json\/wp\/v2\/product_tag?post=2284"}],"curies":[{"name":"wp","href":"https:\/\/api.w.org\/{rel}","templated":true}]}}