{"id":2278,"date":"2024-04-17T19:51:13","date_gmt":"2024-04-17T19:51:13","guid":{"rendered":"https:\/\/comexbrindes.com.br\/site\/?post_type=product&#038;p=2278"},"modified":"2025-11-10T13:43:32","modified_gmt":"2025-11-10T13:43:32","slug":"moleskine-executivo-capa-dura-couro-sintetico-detalhes-em-relevo-pautado-sp-73739","status":"publish","type":"product","link":"https:\/\/comexbrindes.com.br\/site\/produto\/moleskine-executivo-capa-dura-couro-sintetico-detalhes-em-relevo-pautado-sp-73739\/","title":{"rendered":"04 MOLESKINE EXECUTIVO, COURO SINT\u00c9TICO &#8211; SP.73739"},"content":{"rendered":"<ul>\n<li>Moleskine executivo, capa dura, couro sint\u00e9tico, detalhes em relevo<\/li>\n<li>128 folhas pautadas brancas<\/li>\n<li>Idealizado com base em elementos culturais. azulejos portugueses<\/li>\n<li>Fechamento el\u00e1stico e suporte para caneta (n\u00e3o inclusa)<\/li>\n<li><strong>Tamanho:<\/strong> 14,0 x 21,0 cm<\/li>\n<li><strong>Cor<\/strong> somente <strong>preto<\/strong><\/li>\n<li><strong>Grava\u00e7\u00e3o:<\/strong> tampografia 1 cor, 1 posi\u00e7\u00e3o<\/li>\n<\/ul>\n","protected":false},"excerpt":{"rendered":"<p>Moleskine executivo, capa dura, couro sint\u00e9tico, detalhes em relevo 128 folhas pautadas brancas Idealizado com base em elementos culturais. azulejos portugueses Fechamento el\u00e1stico e suporte para caneta (n\u00e3o inclusa) Tamanho: 14,0 x 21,0 cm Cor somente preto Grava\u00e7\u00e3o: tampografia 1 cor, 1 posi\u00e7\u00e3o<\/p>\n","protected":false},"featured_media":6017,"template":"","meta":[],"product_cat":[56],"product_tag":[],"class_list":{"0":"post-2278","1":"product","2":"type-product","3":"status-publish","4":"has-post-thumbnail","6":"product_cat-blocos","8":"first","9":"instock","10":"shipping-taxable","11":"product-type-variable"},"_links":{"self":[{"href":"https:\/\/comexbrindes.com.br\/site\/wp-json\/wp\/v2\/product\/2278","targetHints":{"allow":["GET"]}}],"collection":[{"href":"https:\/\/comexbrindes.com.br\/site\/wp-json\/wp\/v2\/product"}],"about":[{"href":"https:\/\/comexbrindes.com.br\/site\/wp-json\/wp\/v2\/types\/product"}],"version-history":[{"count":6,"href":"https:\/\/comexbrindes.com.br\/site\/wp-json\/wp\/v2\/product\/2278\/revisions"}],"predecessor-version":[{"id":8046,"href":"https:\/\/comexbrindes.com.br\/site\/wp-json\/wp\/v2\/product\/2278\/revisions\/8046"}],"wp:featuredmedia":[{"embeddable":true,"href":"https:\/\/comexbrindes.com.br\/site\/wp-json\/wp\/v2\/media\/6017"}],"wp:attachment":[{"href":"https:\/\/comexbrindes.com.br\/site\/wp-json\/wp\/v2\/media?parent=2278"}],"wp:term":[{"taxonomy":"product_cat","embeddable":true,"href":"https:\/\/comexbrindes.com.br\/site\/wp-json\/wp\/v2\/product_cat?post=2278"},{"taxonomy":"product_tag","embeddable":true,"href":"https:\/\/comexbrindes.com.br\/site\/wp-json\/wp\/v2\/product_tag?post=2278"}],"curies":[{"name":"wp","href":"https:\/\/api.w.org\/{rel}","templated":true}]}}