{"id":2269,"date":"2024-04-17T19:43:57","date_gmt":"2024-04-17T19:43:57","guid":{"rendered":"https:\/\/comexbrindes.com.br\/site\/?post_type=product&#038;p=2269"},"modified":"2025-04-09T20:07:18","modified_gmt":"2025-04-09T20:07:18","slug":"moleskine-executivo-capa-dura-cortica-e-pautado-fechamento-elastico-sp-39539","status":"publish","type":"product","link":"https:\/\/comexbrindes.com.br\/site\/produto\/moleskine-executivo-capa-dura-cortica-e-pautado-fechamento-elastico-sp-39539\/","title":{"rendered":"09 MOLESKINE EXECUTIVO CAPA DURA CORTI\u00c7A &#8211; SP.39539"},"content":{"rendered":"<ul>\n<li>Moleskine executivo capa dura corti\u00e7a.<\/li>\n<li>96 folhas pautadas marfim.<\/li>\n<li>Fechamento el\u00e1stico e suporte para caneta.<\/li>\n<li>Fita separadora, bolso em papel na parte interna na contra capa.<\/li>\n<li><strong>Tamanho:<\/strong> 14,0 x 21,0 cm.<\/li>\n<li><strong>Cores<\/strong> azul, preto e cinza.<\/li>\n<li><strong>Grava\u00e7\u00e3o:<\/strong> tampografia 1 cor, 1 posi\u00e7\u00e3o (para grava\u00e7\u00e3o digital, consulte valores).<\/li>\n<li>Embalagem bolsa TNT marfim.<\/li>\n<\/ul>\n","protected":false},"excerpt":{"rendered":"<p>Moleskine executivo capa dura corti\u00e7a. 96 folhas pautadas marfim. Fechamento el\u00e1stico e suporte para caneta. Fita separadora, bolso em papel na parte interna na contra capa. Tamanho: 14,0 x 21,0 cm. Cores azul, preto e cinza. Grava\u00e7\u00e3o: tampografia 1 cor, 1 posi\u00e7\u00e3o (para grava\u00e7\u00e3o digital, consulte valores). Embalagem bolsa TNT marfim.<\/p>\n","protected":false},"featured_media":5968,"template":"","meta":[],"product_cat":[56],"product_tag":[],"class_list":{"0":"post-2269","1":"product","2":"type-product","3":"status-publish","4":"has-post-thumbnail","6":"product_cat-blocos","8":"first","9":"instock","10":"shipping-taxable","11":"product-type-variable"},"_links":{"self":[{"href":"https:\/\/comexbrindes.com.br\/site\/wp-json\/wp\/v2\/product\/2269","targetHints":{"allow":["GET"]}}],"collection":[{"href":"https:\/\/comexbrindes.com.br\/site\/wp-json\/wp\/v2\/product"}],"about":[{"href":"https:\/\/comexbrindes.com.br\/site\/wp-json\/wp\/v2\/types\/product"}],"version-history":[{"count":4,"href":"https:\/\/comexbrindes.com.br\/site\/wp-json\/wp\/v2\/product\/2269\/revisions"}],"predecessor-version":[{"id":6039,"href":"https:\/\/comexbrindes.com.br\/site\/wp-json\/wp\/v2\/product\/2269\/revisions\/6039"}],"wp:featuredmedia":[{"embeddable":true,"href":"https:\/\/comexbrindes.com.br\/site\/wp-json\/wp\/v2\/media\/5968"}],"wp:attachment":[{"href":"https:\/\/comexbrindes.com.br\/site\/wp-json\/wp\/v2\/media?parent=2269"}],"wp:term":[{"taxonomy":"product_cat","embeddable":true,"href":"https:\/\/comexbrindes.com.br\/site\/wp-json\/wp\/v2\/product_cat?post=2269"},{"taxonomy":"product_tag","embeddable":true,"href":"https:\/\/comexbrindes.com.br\/site\/wp-json\/wp\/v2\/product_tag?post=2269"}],"curies":[{"name":"wp","href":"https:\/\/api.w.org\/{rel}","templated":true}]}}