{"id":2266,"date":"2024-04-17T19:38:46","date_gmt":"2024-04-17T19:38:46","guid":{"rendered":"https:\/\/comexbrindes.com.br\/site\/?post_type=product&#038;p=2266"},"modified":"2025-11-10T14:54:53","modified_gmt":"2025-11-10T14:54:53","slug":"moleskine-executivo-capa-dura-em-pu-termico-pautado-fechamento-com-elastico-sp-29539","status":"publish","type":"product","link":"https:\/\/comexbrindes.com.br\/site\/produto\/moleskine-executivo-capa-dura-em-pu-termico-pautado-fechamento-com-elastico-sp-29539\/","title":{"rendered":"16 MOLESKINE EXECUTIVO LUXO, CAPA DURA EM PU T\u00c9RMICO &#8211; SP.29539"},"content":{"rendered":"<ul>\n<li>Moleskine executivo luxo<\/li>\n<li>Capa dura em PU t\u00e9rmico com substrato colorido que permite a grava\u00e7\u00e3o a LASER na cor do el\u00e1stico<\/li>\n<li>Porta caneta, 80 folhas pautadas<\/li>\n<li>Fechamento el\u00e1stico e fita separadora, bolso em papel na parte interna na contra capa<\/li>\n<li><strong>Tamanho:<\/strong> 14,0 x 21,0 cm<\/li>\n<li><strong>Cores:<\/strong> vermelho, verde claro, laranja e azul claro<\/li>\n<li><strong>Grava\u00e7\u00e3o:<\/strong> a LASER na cor do el\u00e1stico<\/li>\n<li><\/li>\n<\/ul>\n","protected":false},"excerpt":{"rendered":"<p>Moleskine executivo luxo Capa dura em PU t\u00e9rmico com substrato colorido que permite a grava\u00e7\u00e3o a LASER na cor do el\u00e1stico Porta caneta, 80 folhas pautadas Fechamento el\u00e1stico e fita separadora, bolso em papel na parte interna na contra capa Tamanho: 14,0 x 21,0 cm Cores: vermelho, verde claro, laranja e azul claro Grava\u00e7\u00e3o: a [&hellip;]<\/p>\n","protected":false},"featured_media":5939,"template":"","meta":[],"product_cat":[56],"product_tag":[],"class_list":{"0":"post-2266","1":"product","2":"type-product","3":"status-publish","4":"has-post-thumbnail","6":"product_cat-blocos","8":"first","9":"instock","10":"shipping-taxable","11":"product-type-variable"},"_links":{"self":[{"href":"https:\/\/comexbrindes.com.br\/site\/wp-json\/wp\/v2\/product\/2266","targetHints":{"allow":["GET"]}}],"collection":[{"href":"https:\/\/comexbrindes.com.br\/site\/wp-json\/wp\/v2\/product"}],"about":[{"href":"https:\/\/comexbrindes.com.br\/site\/wp-json\/wp\/v2\/types\/product"}],"version-history":[{"count":5,"href":"https:\/\/comexbrindes.com.br\/site\/wp-json\/wp\/v2\/product\/2266\/revisions"}],"predecessor-version":[{"id":8050,"href":"https:\/\/comexbrindes.com.br\/site\/wp-json\/wp\/v2\/product\/2266\/revisions\/8050"}],"wp:featuredmedia":[{"embeddable":true,"href":"https:\/\/comexbrindes.com.br\/site\/wp-json\/wp\/v2\/media\/5939"}],"wp:attachment":[{"href":"https:\/\/comexbrindes.com.br\/site\/wp-json\/wp\/v2\/media?parent=2266"}],"wp:term":[{"taxonomy":"product_cat","embeddable":true,"href":"https:\/\/comexbrindes.com.br\/site\/wp-json\/wp\/v2\/product_cat?post=2266"},{"taxonomy":"product_tag","embeddable":true,"href":"https:\/\/comexbrindes.com.br\/site\/wp-json\/wp\/v2\/product_tag?post=2266"}],"curies":[{"name":"wp","href":"https:\/\/api.w.org\/{rel}","templated":true}]}}