{"id":2252,"date":"2024-04-17T19:28:32","date_gmt":"2024-04-17T19:28:32","guid":{"rendered":"https:\/\/comexbrindes.com.br\/site\/?post_type=product&#038;p=2252"},"modified":"2026-01-23T20:19:01","modified_gmt":"2026-01-23T20:19:01","slug":"girobloco-office-400-folhas-destacaveis-miolo-impresso-god1604","status":"publish","type":"product","link":"https:\/\/comexbrindes.com.br\/site\/produto\/girobloco-office-400-folhas-destacaveis-miolo-impresso-god1604\/","title":{"rendered":"06 GIROBLOCO OFFICE, 400 FOLHAS, MIOLO IMPRESSO &#8211; GH.1604"},"content":{"rendered":"<ul>\n<li>Girobloco office, 400 folhas destac\u00e1veis.<\/li>\n<li>Miolo impresso.<\/li>\n<li><strong>Tamanho:<\/strong> 10 x 10 cm.<\/li>\n<li><strong>Grava\u00e7\u00e3o<\/strong> offset 4 x 0 cores.<\/li>\n<li>Embalado shrink individual.<\/li>\n<\/ul>\n","protected":false},"excerpt":{"rendered":"<p>Girobloco office, 400 folhas destac\u00e1veis. Miolo impresso. Tamanho: 10 x 10 cm. Grava\u00e7\u00e3o offset 4 x 0 cores. Embalado shrink individual.<\/p>\n","protected":false},"featured_media":6996,"template":"","meta":[],"product_cat":[56],"product_tag":[],"class_list":{"0":"post-2252","1":"product","2":"type-product","3":"status-publish","4":"has-post-thumbnail","6":"product_cat-blocos","8":"first","9":"instock","10":"shipping-taxable","11":"product-type-variable"},"_links":{"self":[{"href":"https:\/\/comexbrindes.com.br\/site\/wp-json\/wp\/v2\/product\/2252","targetHints":{"allow":["GET"]}}],"collection":[{"href":"https:\/\/comexbrindes.com.br\/site\/wp-json\/wp\/v2\/product"}],"about":[{"href":"https:\/\/comexbrindes.com.br\/site\/wp-json\/wp\/v2\/types\/product"}],"version-history":[{"count":6,"href":"https:\/\/comexbrindes.com.br\/site\/wp-json\/wp\/v2\/product\/2252\/revisions"}],"predecessor-version":[{"id":8250,"href":"https:\/\/comexbrindes.com.br\/site\/wp-json\/wp\/v2\/product\/2252\/revisions\/8250"}],"wp:featuredmedia":[{"embeddable":true,"href":"https:\/\/comexbrindes.com.br\/site\/wp-json\/wp\/v2\/media\/6996"}],"wp:attachment":[{"href":"https:\/\/comexbrindes.com.br\/site\/wp-json\/wp\/v2\/media?parent=2252"}],"wp:term":[{"taxonomy":"product_cat","embeddable":true,"href":"https:\/\/comexbrindes.com.br\/site\/wp-json\/wp\/v2\/product_cat?post=2252"},{"taxonomy":"product_tag","embeddable":true,"href":"https:\/\/comexbrindes.com.br\/site\/wp-json\/wp\/v2\/product_tag?post=2252"}],"curies":[{"name":"wp","href":"https:\/\/api.w.org\/{rel}","templated":true}]}}