{"id":2250,"date":"2024-04-17T19:25:58","date_gmt":"2024-04-17T19:25:58","guid":{"rendered":"https:\/\/comexbrindes.com.br\/site\/?post_type=product&#038;p=2250"},"modified":"2025-04-09T14:37:25","modified_gmt":"2025-04-09T14:37:25","slug":"bloco-de-anotacoes-kraft-pautado-post-it-caneta-esfero-kraft-fb-8538-nr","status":"publish","type":"product","link":"https:\/\/comexbrindes.com.br\/site\/produto\/bloco-de-anotacoes-kraft-pautado-post-it-caneta-esfero-kraft-fb-8538-nr\/","title":{"rendered":"29 BLOCO DE ANOTA\u00c7\u00d5ES KRAFT PAUTADO, CANETA &#8211; FB.8538.NR"},"content":{"rendered":"<ul>\n<li>Bloco de anota\u00e7\u00f5es Kraft, folhas brancas pautadas.<\/li>\n<li>Caneta esfero kraft.<\/li>\n<li>Cont\u00e9m 2 bolsos internos e fitas autoadesivas coloridas.<\/li>\n<li><strong>Tamanho:<\/strong> 18,0 x 12,0 x 1,2 cm.<\/li>\n<li><strong>Grava\u00e7\u00e3o:<\/strong> tampografia 1 cor, 1 posi\u00e7\u00e3o.<\/li>\n<\/ul>\n<p>&nbsp;<\/p>\n","protected":false},"excerpt":{"rendered":"<p>Bloco de anota\u00e7\u00f5es Kraft, folhas brancas pautadas. Caneta esfero kraft. Cont\u00e9m 2 bolsos internos e fitas autoadesivas coloridas. Tamanho: 18,0 x 12,0 x 1,2 cm. Grava\u00e7\u00e3o: tampografia 1 cor, 1 posi\u00e7\u00e3o. &nbsp;<\/p>\n","protected":false},"featured_media":6999,"template":"","meta":[],"product_cat":[56],"product_tag":[],"class_list":{"0":"post-2250","1":"product","2":"type-product","3":"status-publish","4":"has-post-thumbnail","6":"product_cat-blocos","8":"first","9":"instock","10":"shipping-taxable","11":"product-type-variable"},"_links":{"self":[{"href":"https:\/\/comexbrindes.com.br\/site\/wp-json\/wp\/v2\/product\/2250","targetHints":{"allow":["GET"]}}],"collection":[{"href":"https:\/\/comexbrindes.com.br\/site\/wp-json\/wp\/v2\/product"}],"about":[{"href":"https:\/\/comexbrindes.com.br\/site\/wp-json\/wp\/v2\/types\/product"}],"version-history":[{"count":6,"href":"https:\/\/comexbrindes.com.br\/site\/wp-json\/wp\/v2\/product\/2250\/revisions"}],"predecessor-version":[{"id":6773,"href":"https:\/\/comexbrindes.com.br\/site\/wp-json\/wp\/v2\/product\/2250\/revisions\/6773"}],"wp:featuredmedia":[{"embeddable":true,"href":"https:\/\/comexbrindes.com.br\/site\/wp-json\/wp\/v2\/media\/6999"}],"wp:attachment":[{"href":"https:\/\/comexbrindes.com.br\/site\/wp-json\/wp\/v2\/media?parent=2250"}],"wp:term":[{"taxonomy":"product_cat","embeddable":true,"href":"https:\/\/comexbrindes.com.br\/site\/wp-json\/wp\/v2\/product_cat?post=2250"},{"taxonomy":"product_tag","embeddable":true,"href":"https:\/\/comexbrindes.com.br\/site\/wp-json\/wp\/v2\/product_tag?post=2250"}],"curies":[{"name":"wp","href":"https:\/\/api.w.org\/{rel}","templated":true}]}}