{"id":2175,"date":"2024-04-17T19:23:27","date_gmt":"2024-04-17T19:23:27","guid":{"rendered":"https:\/\/comexbrindes.com.br\/site\/?post_type=product&#038;p=2175"},"modified":"2026-01-23T20:28:29","modified_gmt":"2026-01-23T20:28:29","slug":"bloco-capa-dura-kraft-miolo-pautado-e-caneta-papelao-zbx-00021","status":"publish","type":"product","link":"https:\/\/comexbrindes.com.br\/site\/produto\/bloco-capa-dura-kraft-miolo-pautado-e-caneta-papelao-zbx-00021\/","title":{"rendered":"28 BLOCO CAPA DURA KRAFT MIOLO PAUTADO &#8211; BX.00021"},"content":{"rendered":"<ul>\n<li>Bloco capa dura kraft.<\/li>\n<li>Possui aproximadamente 70 folhas brancas pautadas.<\/li>\n<li>Espiral preto.<\/li>\n<li>Capa vazada com o s\u00edmbolo do reciclado.<\/li>\n<li>Primeira folha colorida possibilitando deixar a cor desejada como fundo do logo reciclado.<\/li>\n<li>El\u00e1stico suporte para caneta<strong> (n\u00e3o acompanha caneta)<\/strong>.<\/li>\n<li><strong>Tamanho:<\/strong> 18 x 15 cm<\/li>\n<li><strong>Grava\u00e7\u00e3o:<\/strong> tampografia 1 cor (capa).<\/li>\n<li>Embalagem saco pl\u00e1stico.<\/li>\n<\/ul>\n<p>&nbsp;<\/p>\n","protected":false},"excerpt":{"rendered":"<p>Bloco capa dura kraft. Possui aproximadamente 70 folhas brancas pautadas. Espiral preto. Capa vazada com o s\u00edmbolo do reciclado. Primeira folha colorida possibilitando deixar a cor desejada como fundo do logo reciclado. El\u00e1stico suporte para caneta (n\u00e3o acompanha caneta). Tamanho: 18 x 15 cm Grava\u00e7\u00e3o: tampografia 1 cor (capa). Embalagem saco pl\u00e1stico. &nbsp;<\/p>\n","protected":false},"featured_media":7001,"template":"","meta":[],"product_cat":[56],"product_tag":[],"class_list":{"0":"post-2175","1":"product","2":"type-product","3":"status-publish","4":"has-post-thumbnail","6":"product_cat-blocos","8":"first","9":"instock","10":"shipping-taxable","11":"product-type-variable"},"_links":{"self":[{"href":"https:\/\/comexbrindes.com.br\/site\/wp-json\/wp\/v2\/product\/2175","targetHints":{"allow":["GET"]}}],"collection":[{"href":"https:\/\/comexbrindes.com.br\/site\/wp-json\/wp\/v2\/product"}],"about":[{"href":"https:\/\/comexbrindes.com.br\/site\/wp-json\/wp\/v2\/types\/product"}],"version-history":[{"count":5,"href":"https:\/\/comexbrindes.com.br\/site\/wp-json\/wp\/v2\/product\/2175\/revisions"}],"predecessor-version":[{"id":8253,"href":"https:\/\/comexbrindes.com.br\/site\/wp-json\/wp\/v2\/product\/2175\/revisions\/8253"}],"wp:featuredmedia":[{"embeddable":true,"href":"https:\/\/comexbrindes.com.br\/site\/wp-json\/wp\/v2\/media\/7001"}],"wp:attachment":[{"href":"https:\/\/comexbrindes.com.br\/site\/wp-json\/wp\/v2\/media?parent=2175"}],"wp:term":[{"taxonomy":"product_cat","embeddable":true,"href":"https:\/\/comexbrindes.com.br\/site\/wp-json\/wp\/v2\/product_cat?post=2175"},{"taxonomy":"product_tag","embeddable":true,"href":"https:\/\/comexbrindes.com.br\/site\/wp-json\/wp\/v2\/product_tag?post=2175"}],"curies":[{"name":"wp","href":"https:\/\/api.w.org\/{rel}","templated":true}]}}