{"id":1920,"date":"2024-04-16T19:16:03","date_gmt":"2024-04-16T19:16:03","guid":{"rendered":"https:\/\/comexbrindes.com.br\/site\/?post_type=product&#038;p=1920"},"modified":"2026-01-26T20:48:19","modified_gmt":"2026-01-26T20:48:19","slug":"copo-termico-tampa-e-abridor-inox-473ml-zbx-l54681","status":"publish","type":"product","link":"https:\/\/comexbrindes.com.br\/site\/produto\/copo-termico-tampa-e-abridor-inox-473ml-zbx-l54681\/","title":{"rendered":"01 COPO T\u00c9RMICO, INOX, 500 ML &#8211; BX.54681-L"},"content":{"rendered":"<ul>\n<li>Copo t\u00e9rmico inox, liso, 500 ML<\/li>\n<li>Parede dupla com isolamento a v\u00e1cuo e abridor inox, acoplado \u00e0 tampa<\/li>\n<li>Preserva\u00e7\u00e3o t\u00e9rmica de at\u00e9 4h. Material livre de BPA<\/li>\n<li><strong>Tamanho:<\/strong> 17,6 x 9,1 cm<\/li>\n<li><strong>Cores:<\/strong> verde, azul, preto, branco e vermelho<\/li>\n<li><strong>Grava\u00e7\u00e3o:<\/strong> tampografia 1 cor, 1 lado<\/li>\n<li>Embalagem individual<\/li>\n<\/ul>\n<p>&nbsp;<\/p>\n","protected":false},"excerpt":{"rendered":"<p>Copo t\u00e9rmico inox, liso, 500 ML Parede dupla com isolamento a v\u00e1cuo e abridor inox, acoplado \u00e0 tampa Preserva\u00e7\u00e3o t\u00e9rmica de at\u00e9 4h. Material livre de BPA Tamanho: 17,6 x 9,1 cm Cores: verde, azul, preto, branco e vermelho Grava\u00e7\u00e3o: tampografia 1 cor, 1 lado Embalagem individual &nbsp;<\/p>\n","protected":false},"featured_media":8083,"template":"","meta":[],"product_cat":[50],"product_tag":[],"class_list":{"0":"post-1920","1":"product","2":"type-product","3":"status-publish","4":"has-post-thumbnail","6":"product_cat-copos-e-canecas","8":"first","9":"instock","10":"shipping-taxable","11":"product-type-variable"},"_links":{"self":[{"href":"https:\/\/comexbrindes.com.br\/site\/wp-json\/wp\/v2\/product\/1920","targetHints":{"allow":["GET"]}}],"collection":[{"href":"https:\/\/comexbrindes.com.br\/site\/wp-json\/wp\/v2\/product"}],"about":[{"href":"https:\/\/comexbrindes.com.br\/site\/wp-json\/wp\/v2\/types\/product"}],"version-history":[{"count":9,"href":"https:\/\/comexbrindes.com.br\/site\/wp-json\/wp\/v2\/product\/1920\/revisions"}],"predecessor-version":[{"id":8277,"href":"https:\/\/comexbrindes.com.br\/site\/wp-json\/wp\/v2\/product\/1920\/revisions\/8277"}],"wp:featuredmedia":[{"embeddable":true,"href":"https:\/\/comexbrindes.com.br\/site\/wp-json\/wp\/v2\/media\/8083"}],"wp:attachment":[{"href":"https:\/\/comexbrindes.com.br\/site\/wp-json\/wp\/v2\/media?parent=1920"}],"wp:term":[{"taxonomy":"product_cat","embeddable":true,"href":"https:\/\/comexbrindes.com.br\/site\/wp-json\/wp\/v2\/product_cat?post=1920"},{"taxonomy":"product_tag","embeddable":true,"href":"https:\/\/comexbrindes.com.br\/site\/wp-json\/wp\/v2\/product_tag?post=1920"}],"curies":[{"name":"wp","href":"https:\/\/api.w.org\/{rel}","templated":true}]}}