{"id":1917,"date":"2024-04-16T19:08:07","date_gmt":"2024-04-16T19:08:07","guid":{"rendered":"https:\/\/comexbrindes.com.br\/site\/?post_type=product&#038;p=1917"},"modified":"2026-01-27T12:42:51","modified_gmt":"2026-01-27T12:42:51","slug":"copo-termico-inox-liso-320ml-parede-dupla-tampa-transparente-com-bocal-zbx-l62741","status":"publish","type":"product","link":"https:\/\/comexbrindes.com.br\/site\/produto\/copo-termico-inox-liso-320ml-parede-dupla-tampa-transparente-com-bocal-zbx-l62741\/","title":{"rendered":"COPO T\u00c9RMICO INOX, 320 ML &#8211; BX.62741-L"},"content":{"rendered":"<ul>\n<li>Copo t\u00e9rmico inox, liso, 320 ML<\/li>\n<li>Parede dupla, livre de BPA, tampa pl\u00e1stica transparente com bocal e veda\u00e7\u00e3o<\/li>\n<li><strong>Tamanho:<\/strong> 11,7 x 8,7 cm<\/li>\n<li><strong>Cores:<\/strong> azul, vermelho, branco e preto<\/li>\n<li><strong>Grava\u00e7\u00e3o:<\/strong> tampografia 1 cor, 1 lado<\/li>\n<li>Embalagem unit\u00e1ria<\/li>\n<\/ul>\n<p>&nbsp;<\/p>\n","protected":false},"excerpt":{"rendered":"<p>Copo t\u00e9rmico inox, liso, 320 ML Parede dupla, livre de BPA, tampa pl\u00e1stica transparente com bocal e veda\u00e7\u00e3o Tamanho: 11,7 x 8,7 cm Cores: azul, vermelho, branco e preto Grava\u00e7\u00e3o: tampografia 1 cor, 1 lado Embalagem unit\u00e1ria &nbsp;<\/p>\n","protected":false},"featured_media":7910,"template":"","meta":[],"product_cat":[50],"product_tag":[],"class_list":{"0":"post-1917","1":"product","2":"type-product","3":"status-publish","4":"has-post-thumbnail","6":"product_cat-copos-e-canecas","8":"first","9":"instock","10":"shipping-taxable","11":"product-type-variable"},"_links":{"self":[{"href":"https:\/\/comexbrindes.com.br\/site\/wp-json\/wp\/v2\/product\/1917","targetHints":{"allow":["GET"]}}],"collection":[{"href":"https:\/\/comexbrindes.com.br\/site\/wp-json\/wp\/v2\/product"}],"about":[{"href":"https:\/\/comexbrindes.com.br\/site\/wp-json\/wp\/v2\/types\/product"}],"version-history":[{"count":10,"href":"https:\/\/comexbrindes.com.br\/site\/wp-json\/wp\/v2\/product\/1917\/revisions"}],"predecessor-version":[{"id":8286,"href":"https:\/\/comexbrindes.com.br\/site\/wp-json\/wp\/v2\/product\/1917\/revisions\/8286"}],"wp:featuredmedia":[{"embeddable":true,"href":"https:\/\/comexbrindes.com.br\/site\/wp-json\/wp\/v2\/media\/7910"}],"wp:attachment":[{"href":"https:\/\/comexbrindes.com.br\/site\/wp-json\/wp\/v2\/media?parent=1917"}],"wp:term":[{"taxonomy":"product_cat","embeddable":true,"href":"https:\/\/comexbrindes.com.br\/site\/wp-json\/wp\/v2\/product_cat?post=1917"},{"taxonomy":"product_tag","embeddable":true,"href":"https:\/\/comexbrindes.com.br\/site\/wp-json\/wp\/v2\/product_tag?post=1917"}],"curies":[{"name":"wp","href":"https:\/\/api.w.org\/{rel}","templated":true}]}}