{"id":1908,"date":"2024-04-16T18:59:27","date_gmt":"2024-04-16T18:59:27","guid":{"rendered":"https:\/\/comexbrindes.com.br\/site\/?post_type=product&#038;p=1908"},"modified":"2026-01-27T13:05:12","modified_gmt":"2026-01-27T13:05:12","slug":"copo-fibra-de-arroz-550ml-tampa-com-bocal-zbx-99441","status":"publish","type":"product","link":"https:\/\/comexbrindes.com.br\/site\/produto\/copo-fibra-de-arroz-550ml-tampa-com-bocal-zbx-99441\/","title":{"rendered":"COPO FIBRA DE ARROZ, TAMPA, 550 ML &#8211; BX.99441"},"content":{"rendered":"<ul>\n<li>Copo fibra de arroz, tampa, 550 ML.<\/li>\n<li>Tampa com bocal, (pode ocorrer transfer\u00eancia de calor).<\/li>\n<li><strong>Tamanho:<\/strong> 15,8 x 9,4 cm.<\/li>\n<li><strong>Cor<\/strong> bege.<\/li>\n<li><strong>Grava\u00e7\u00e3o:<\/strong> tampografia 1 cor, 1 lado.<\/li>\n<\/ul>\n<p>&nbsp;<\/p>\n","protected":false},"excerpt":{"rendered":"<p>Copo fibra de arroz, tampa, 550 ML. Tampa com bocal, (pode ocorrer transfer\u00eancia de calor). Tamanho: 15,8 x 9,4 cm. Cor bege. Grava\u00e7\u00e3o: tampografia 1 cor, 1 lado. &nbsp;<\/p>\n","protected":false},"featured_media":6616,"template":"","meta":[],"product_cat":[50],"product_tag":[],"class_list":{"0":"post-1908","1":"product","2":"type-product","3":"status-publish","4":"has-post-thumbnail","6":"product_cat-copos-e-canecas","8":"first","9":"instock","10":"shipping-taxable","11":"product-type-variable"},"_links":{"self":[{"href":"https:\/\/comexbrindes.com.br\/site\/wp-json\/wp\/v2\/product\/1908","targetHints":{"allow":["GET"]}}],"collection":[{"href":"https:\/\/comexbrindes.com.br\/site\/wp-json\/wp\/v2\/product"}],"about":[{"href":"https:\/\/comexbrindes.com.br\/site\/wp-json\/wp\/v2\/types\/product"}],"version-history":[{"count":6,"href":"https:\/\/comexbrindes.com.br\/site\/wp-json\/wp\/v2\/product\/1908\/revisions"}],"predecessor-version":[{"id":8292,"href":"https:\/\/comexbrindes.com.br\/site\/wp-json\/wp\/v2\/product\/1908\/revisions\/8292"}],"wp:featuredmedia":[{"embeddable":true,"href":"https:\/\/comexbrindes.com.br\/site\/wp-json\/wp\/v2\/media\/6616"}],"wp:attachment":[{"href":"https:\/\/comexbrindes.com.br\/site\/wp-json\/wp\/v2\/media?parent=1908"}],"wp:term":[{"taxonomy":"product_cat","embeddable":true,"href":"https:\/\/comexbrindes.com.br\/site\/wp-json\/wp\/v2\/product_cat?post=1908"},{"taxonomy":"product_tag","embeddable":true,"href":"https:\/\/comexbrindes.com.br\/site\/wp-json\/wp\/v2\/product_tag?post=1908"}],"curies":[{"name":"wp","href":"https:\/\/api.w.org\/{rel}","templated":true}]}}