{"id":1907,"date":"2024-04-16T18:57:57","date_gmt":"2024-04-16T18:57:57","guid":{"rendered":"https:\/\/comexbrindes.com.br\/site\/?post_type=product&#038;p=1907"},"modified":"2025-11-04T14:58:56","modified_gmt":"2025-11-04T14:58:56","slug":"copo-fibra-bambu-450ml-tampa-com-bocal-gravacao-tampografia-1-cor-sp-63649","status":"publish","type":"product","link":"https:\/\/comexbrindes.com.br\/site\/produto\/copo-fibra-bambu-450ml-tampa-com-bocal-gravacao-tampografia-1-cor-sp-63649\/","title":{"rendered":"COPO FIBRA BAMBU, 450 ML &#8211; SP.63649"},"content":{"rendered":"<ul>\n<li>Copo para viagem em fibra de bambu e PP,\u00a0450 ML<strong>.<\/strong><\/li>\n<li>Tampa com bocal.<\/li>\n<li>Certifica\u00e7\u00e3o EU Food Grade.<\/li>\n<li class=\"selectable-text copyable-text x15bjb6t x1n2onr6\" dir=\"ltr\"><strong><span class=\"selectable-text copyable-text\">Cor apenas em fibra natural.<\/span><\/strong><\/li>\n<li class=\"selectable-text copyable-text x15bjb6t x1n2onr6\" dir=\"ltr\"><strong><span class=\"selectable-text copyable-text\">Tamanho:<\/span><\/strong> <span class=\"selectable-text copyable-text\">\u00f89,3 x 13,4 cm.<\/span><\/li>\n<li class=\"selectable-text copyable-text x15bjb6t x1n2onr6\" dir=\"ltr\"><strong><span class=\"selectable-text copyable-text\">Grava\u00e7\u00e3o: <\/span><\/strong><span class=\"selectable-text copyable-text\">tampografia uma cor em um lado.<\/span><\/li>\n<\/ul>\n","protected":false},"excerpt":{"rendered":"<p>Copo para viagem em fibra de bambu e PP,\u00a0450 ML. Tampa com bocal. Certifica\u00e7\u00e3o EU Food Grade. Cor apenas em fibra natural. Tamanho: \u00f89,3 x 13,4 cm. Grava\u00e7\u00e3o: tampografia uma cor em um lado.<\/p>\n","protected":false},"featured_media":6580,"template":"","meta":[],"product_cat":[50],"product_tag":[],"class_list":{"0":"post-1907","1":"product","2":"type-product","3":"status-publish","4":"has-post-thumbnail","6":"product_cat-copos-e-canecas","8":"first","9":"instock","10":"shipping-taxable","11":"product-type-variable"},"_links":{"self":[{"href":"https:\/\/comexbrindes.com.br\/site\/wp-json\/wp\/v2\/product\/1907","targetHints":{"allow":["GET"]}}],"collection":[{"href":"https:\/\/comexbrindes.com.br\/site\/wp-json\/wp\/v2\/product"}],"about":[{"href":"https:\/\/comexbrindes.com.br\/site\/wp-json\/wp\/v2\/types\/product"}],"version-history":[{"count":9,"href":"https:\/\/comexbrindes.com.br\/site\/wp-json\/wp\/v2\/product\/1907\/revisions"}],"predecessor-version":[{"id":7931,"href":"https:\/\/comexbrindes.com.br\/site\/wp-json\/wp\/v2\/product\/1907\/revisions\/7931"}],"wp:featuredmedia":[{"embeddable":true,"href":"https:\/\/comexbrindes.com.br\/site\/wp-json\/wp\/v2\/media\/6580"}],"wp:attachment":[{"href":"https:\/\/comexbrindes.com.br\/site\/wp-json\/wp\/v2\/media?parent=1907"}],"wp:term":[{"taxonomy":"product_cat","embeddable":true,"href":"https:\/\/comexbrindes.com.br\/site\/wp-json\/wp\/v2\/product_cat?post=1907"},{"taxonomy":"product_tag","embeddable":true,"href":"https:\/\/comexbrindes.com.br\/site\/wp-json\/wp\/v2\/product_tag?post=1907"}],"curies":[{"name":"wp","href":"https:\/\/api.w.org\/{rel}","templated":true}]}}