{"id":1903,"date":"2024-04-16T18:48:28","date_gmt":"2024-04-16T18:48:28","guid":{"rendered":"https:\/\/comexbrindes.com.br\/site\/?post_type=product&#038;p=1903"},"modified":"2026-01-23T19:00:37","modified_gmt":"2026-01-23T19:00:37","slug":"caneca-termica-inox-700ml-zbx-07040","status":"publish","type":"product","link":"https:\/\/comexbrindes.com.br\/site\/produto\/caneca-termica-inox-700ml-zbx-07040\/","title":{"rendered":"04 CANECA T\u00c9RMICA INOX, 700ML &#8211; BX.07040"},"content":{"rendered":"<ul>\n<li>Inox com pegador pl\u00e1stico, 700ml<\/li>\n<li>Material livre de BPA<\/li>\n<li>Garante a temperatura da bebida por aproximadamente 4 horas<\/li>\n<li>Isolamento a v\u00e1cuo que bloqueia a temperatura<\/li>\n<li><strong><span class=\"selectable-text copyable-text\">Tamanho: <\/span><\/strong><span class=\"selectable-text copyable-text\">17,5 x 15 cm<\/span><\/li>\n<li><strong><span class=\"selectable-text copyable-text\">Cores: <\/span><\/strong><span class=\"selectable-text copyable-text\">azul, branco, cinza, laranja, preto, verde e vermelho<\/span><\/li>\n<li class=\"selectable-text copyable-text x15bjb6t x1n2onr6\" dir=\"ltr\"><strong><span class=\"selectable-text copyable-text\">Grava\u00e7\u00e3o: <\/span><\/strong><span class=\"selectable-text copyable-text\">tampografia uma cor em um lado, ou laser<\/span><\/li>\n<\/ul>\n","protected":false},"excerpt":{"rendered":"<p>Inox com pegador pl\u00e1stico, 700ml Material livre de BPA Garante a temperatura da bebida por aproximadamente 4 horas Isolamento a v\u00e1cuo que bloqueia a temperatura Tamanho: 17,5 x 15 cm Cores: azul, branco, cinza, laranja, preto, verde e vermelho Grava\u00e7\u00e3o: tampografia uma cor em um lado, ou laser<\/p>\n","protected":false},"featured_media":5798,"template":"","meta":[],"product_cat":[60],"product_tag":[],"class_list":{"0":"post-1903","1":"product","2":"type-product","3":"status-publish","4":"has-post-thumbnail","6":"product_cat-bar","8":"first","9":"instock","10":"shipping-taxable","11":"product-type-variable"},"_links":{"self":[{"href":"https:\/\/comexbrindes.com.br\/site\/wp-json\/wp\/v2\/product\/1903","targetHints":{"allow":["GET"]}}],"collection":[{"href":"https:\/\/comexbrindes.com.br\/site\/wp-json\/wp\/v2\/product"}],"about":[{"href":"https:\/\/comexbrindes.com.br\/site\/wp-json\/wp\/v2\/types\/product"}],"version-history":[{"count":6,"href":"https:\/\/comexbrindes.com.br\/site\/wp-json\/wp\/v2\/product\/1903\/revisions"}],"predecessor-version":[{"id":8237,"href":"https:\/\/comexbrindes.com.br\/site\/wp-json\/wp\/v2\/product\/1903\/revisions\/8237"}],"wp:featuredmedia":[{"embeddable":true,"href":"https:\/\/comexbrindes.com.br\/site\/wp-json\/wp\/v2\/media\/5798"}],"wp:attachment":[{"href":"https:\/\/comexbrindes.com.br\/site\/wp-json\/wp\/v2\/media?parent=1903"}],"wp:term":[{"taxonomy":"product_cat","embeddable":true,"href":"https:\/\/comexbrindes.com.br\/site\/wp-json\/wp\/v2\/product_cat?post=1903"},{"taxonomy":"product_tag","embeddable":true,"href":"https:\/\/comexbrindes.com.br\/site\/wp-json\/wp\/v2\/product_tag?post=1903"}],"curies":[{"name":"wp","href":"https:\/\/api.w.org\/{rel}","templated":true}]}}