{"id":3971,"date":"2024-04-25T18:51:33","date_gmt":"2024-04-25T18:51:33","guid":{"rendered":"https:\/\/comexbrindes.com.br\/site\/?page_id=3971"},"modified":"2025-10-31T19:37:14","modified_gmt":"2025-10-31T19:37:14","slug":"gravacoes","status":"publish","type":"page","link":"https:\/\/comexbrindes.com.br\/site\/gravacoes\/","title":{"rendered":"Tipos de Grava\u00e7\u00f5es"},"content":{"rendered":"\t\t<div data-elementor-type=\"wp-page\" data-elementor-id=\"3971\" class=\"elementor elementor-3971\">\n\t\t\t\t<div class=\"elementor-element elementor-element-dc55ad7 e-flex e-con-boxed e-con e-parent\" data-id=\"dc55ad7\" data-element_type=\"container\" data-settings=\"{&quot;background_background&quot;:&quot;classic&quot;}\">\n\t\t\t\t\t<div class=\"e-con-inner\">\n\t\t\t\t<div class=\"elementor-element elementor-element-07a6f9c elementor-widget elementor-widget-heading\" data-id=\"07a6f9c\" data-element_type=\"widget\" data-widget_type=\"heading.default\">\n\t\t\t\t<div class=\"elementor-widget-container\">\n\t\t\t<h2 class=\"elementor-heading-title elementor-size-default\">ENTENDA NOSSAS GRAVA\u00c7\u00d5ES<\/h2>\t\t<\/div>\n\t\t\t\t<\/div>\n\t\t\t\t\t<\/div>\n\t\t\t\t<\/div>\n\t\t<div class=\"elementor-element elementor-element-a483645 e-flex e-con-boxed e-con e-parent\" data-id=\"a483645\" data-element_type=\"container\">\n\t\t\t\t\t<div class=\"e-con-inner\">\n\t\t<div class=\"elementor-element elementor-element-638116f e-con-full e-flex e-con e-child\" data-id=\"638116f\" data-element_type=\"container\">\n\t\t\t\t<div class=\"elementor-element elementor-element-c901450 elementor-widget elementor-widget-heading\" data-id=\"c901450\" data-element_type=\"widget\" data-widget_type=\"heading.default\">\n\t\t\t\t<div class=\"elementor-widget-container\">\n\t\t\t<h2 class=\"elementor-heading-title elementor-size-default\">Laser<\/h2>\t\t<\/div>\n\t\t\t\t<\/div>\n\t\t\t\t<\/div>\n\t\t<div class=\"elementor-element elementor-element-2c0fadd e-con-full e-flex e-con e-child\" data-id=\"2c0fadd\" data-element_type=\"container\">\n\t\t\t\t<div class=\"elementor-element elementor-element-61aded2 elementor-widget elementor-widget-text-editor\" data-id=\"61aded2\" data-element_type=\"widget\" data-widget_type=\"text-editor.default\">\n\t\t\t\t<div class=\"elementor-widget-container\">\n\t\t\t\t\t\t\t<p>Usado principalmente em materais met\u00e1licos, que temos como exemplo: squeezes, canetas e chaveiros. Essa grava\u00e7\u00e3o <strong>utiliza um feixe laser para corroer a pe\u00e7a<\/strong>, n\u00e3o permitindo cores, deixando a grava\u00e7\u00e3o permanente e muito resistente \u00e0 abras\u00e3o.<\/p><p>Gravamos sempre um lado da pe\u00e7a. Alguns produtos permitem dois lados, com valor adicional na unidade.<\/p>\t\t\t\t\t\t<\/div>\n\t\t\t\t<\/div>\n\t\t\t\t<\/div>\n\t\t\t\t\t<\/div>\n\t\t\t\t<\/div>\n\t\t<div class=\"elementor-element elementor-element-fa0cad5 e-flex e-con-boxed e-con e-parent\" data-id=\"fa0cad5\" data-element_type=\"container\">\n\t\t\t\t\t<div class=\"e-con-inner\">\n\t\t<div class=\"elementor-element elementor-element-579bee0 e-con-full e-flex e-con e-child\" data-id=\"579bee0\" data-element_type=\"container\">\n\t\t\t\t<div class=\"elementor-element elementor-element-c866dcc elementor-widget elementor-widget-heading\" data-id=\"c866dcc\" data-element_type=\"widget\" data-widget_type=\"heading.default\">\n\t\t\t\t<div class=\"elementor-widget-container\">\n\t\t\t<h2 class=\"elementor-heading-title elementor-size-default\">Tampografia<br><\/h2>\t\t<\/div>\n\t\t\t\t<\/div>\n\t\t\t\t<\/div>\n\t\t<div class=\"elementor-element elementor-element-3426435 e-con-full e-flex e-con e-child\" data-id=\"3426435\" data-element_type=\"container\">\n\t\t\t\t<div class=\"elementor-element elementor-element-60d87d6 elementor-widget elementor-widget-text-editor\" data-id=\"60d87d6\" data-element_type=\"widget\" data-widget_type=\"text-editor.default\">\n\t\t\t\t<div class=\"elementor-widget-container\">\n\t\t\t\t\t\t\t<p>Mais utilizada para materiais pl\u00e1sticos de pequena \u00e1rea, como canetas, l\u00e1pis e powerbanks. Permite grava\u00e7\u00e3o em objetos curvos! A m\u00e1quina de tampografia, realiza a transfer\u00eancia de tinta de maneira indireta. Ou seja, <b>o tamp\u00e3o coleta a tinta de uma superf\u00edcie \u2013 o clich\u00ea \u2013 e transfere para outra superf\u00edcie, no caso a pe\u00e7a<\/b>. O equipamento funciona quase que como um carimbo. Para maior \u00e1rea, como sacolas, utilizamos a grava\u00e7\u00e3o silkcreen.<\/p><p>Esse tipo permite cores. Usamos por padr\u00e3o a grava\u00e7\u00e3o com uma cor, em um lado da pe\u00e7a. Podemos gravar no produtos v\u00e1rias cores e lados, com valor adicional na unidade.<\/p>\t\t\t\t\t\t<\/div>\n\t\t\t\t<\/div>\n\t\t\t\t<\/div>\n\t\t\t\t\t<\/div>\n\t\t\t\t<\/div>\n\t\t<div class=\"elementor-element elementor-element-27dcc82 e-flex e-con-boxed e-con e-parent\" data-id=\"27dcc82\" data-element_type=\"container\">\n\t\t\t\t\t<div class=\"e-con-inner\">\n\t\t<div class=\"elementor-element elementor-element-28a341a e-con-full e-flex e-con e-child\" data-id=\"28a341a\" data-element_type=\"container\">\n\t\t\t\t<div class=\"elementor-element elementor-element-0c58b4e elementor-widget elementor-widget-heading\" data-id=\"0c58b4e\" data-element_type=\"widget\" data-widget_type=\"heading.default\">\n\t\t\t\t<div class=\"elementor-widget-container\">\n\t\t\t<h2 class=\"elementor-heading-title elementor-size-default\">Digital\/UV<\/h2>\t\t<\/div>\n\t\t\t\t<\/div>\n\t\t\t\t<\/div>\n\t\t<div class=\"elementor-element elementor-element-191fba2 e-con-full e-flex e-con e-child\" data-id=\"191fba2\" data-element_type=\"container\">\n\t\t\t\t<div class=\"elementor-element elementor-element-02f97b3 elementor-widget elementor-widget-text-editor\" data-id=\"02f97b3\" data-element_type=\"widget\" data-widget_type=\"text-editor.default\">\n\t\t\t\t<div class=\"elementor-widget-container\">\n\t\t\t\t\t\t\t<p>\u00c9 uma t\u00e9cnica que proporciona uma grava\u00e7\u00e3o com qualidade fotogr\u00e1fica sem limite de cores em v\u00e1rios tipos de superf\u00edcies<\/p>\t\t\t\t\t\t<\/div>\n\t\t\t\t<\/div>\n\t\t\t\t<\/div>\n\t\t\t\t\t<\/div>\n\t\t\t\t<\/div>\n\t\t<div class=\"elementor-element elementor-element-397ee67 e-flex e-con-boxed e-con e-parent\" data-id=\"397ee67\" data-element_type=\"container\">\n\t\t\t\t\t<div class=\"e-con-inner\">\n\t\t<div class=\"elementor-element elementor-element-0961a7d e-con-full e-flex e-con e-child\" data-id=\"0961a7d\" data-element_type=\"container\">\n\t\t\t\t<div class=\"elementor-element elementor-element-0ea8b27 elementor-widget elementor-widget-heading\" data-id=\"0ea8b27\" data-element_type=\"widget\" data-widget_type=\"heading.default\">\n\t\t\t\t<div class=\"elementor-widget-container\">\n\t\t\t<h2 class=\"elementor-heading-title elementor-size-default\">Etiqueta Resinada<\/h2>\t\t<\/div>\n\t\t\t\t<\/div>\n\t\t\t\t<\/div>\n\t\t<div class=\"elementor-element elementor-element-b6e8bb6 e-con-full e-flex e-con e-child\" data-id=\"b6e8bb6\" data-element_type=\"container\">\n\t\t\t\t<div class=\"elementor-element elementor-element-ba10f06 elementor-widget elementor-widget-text-editor\" data-id=\"ba10f06\" data-element_type=\"widget\" data-widget_type=\"text-editor.default\">\n\t\t\t\t<div class=\"elementor-widget-container\">\n\t\t\t\t\t\t\t<p>A etiqueta resinada \u00e9 uma solu\u00e7\u00e3o sofisticada para identificar a sua marca. Devido ao acabamento com brilho e alto relevo, esse tipo de etiqueta cria o efeito de \u201colho de peixe\u201d, destacando ainda mais seu produto ou marca. O nome j\u00e1 \u00e9 autoexplicativo, esse m\u00e9todo consiste em <strong>aplicar uma resina a uma etiqueta<\/strong>\/adesivo.<\/p>\t\t\t\t\t\t<\/div>\n\t\t\t\t<\/div>\n\t\t\t\t<\/div>\n\t\t\t\t\t<\/div>\n\t\t\t\t<\/div>\n\t\t<div class=\"elementor-element elementor-element-e18d9ad e-flex e-con-boxed e-con e-parent\" data-id=\"e18d9ad\" data-element_type=\"container\">\n\t\t\t\t\t<div class=\"e-con-inner\">\n\t\t<div class=\"elementor-element elementor-element-5804740 e-con-full e-flex e-con e-child\" data-id=\"5804740\" data-element_type=\"container\">\n\t\t\t\t<div class=\"elementor-element elementor-element-c3b3af0 elementor-widget elementor-widget-heading\" data-id=\"c3b3af0\" data-element_type=\"widget\" data-widget_type=\"heading.default\">\n\t\t\t\t<div class=\"elementor-widget-container\">\n\t\t\t<h2 class=\"elementor-heading-title elementor-size-default\">Transfer ou Sublima\u00e7\u00e3o<\/h2>\t\t<\/div>\n\t\t\t\t<\/div>\n\t\t\t\t<\/div>\n\t\t<div class=\"elementor-element elementor-element-25dfee0 e-con-full e-flex e-con e-child\" data-id=\"25dfee0\" data-element_type=\"container\">\n\t\t\t\t<div class=\"elementor-element elementor-element-c3061c1 elementor-widget elementor-widget-text-editor\" data-id=\"c3061c1\" data-element_type=\"widget\" data-widget_type=\"text-editor.default\">\n\t\t\t\t<div class=\"elementor-widget-container\">\n\t\t\t\t\t\t\t<p><span style=\"font-size: 1rem;\">A sublima\u00e7\u00e3o \u00e9 uma t\u00e9cnica que permite <\/span><strong style=\"font-size: 1rem;\" data-start=\"186\" data-end=\"229\">grava\u00e7\u00f5es coloridas e de alta defini\u00e7\u00e3o<\/strong><span style=\"font-size: 1rem;\">.\u00a0<\/span><span style=\"font-size: 1rem;\">O processo ocorre por meio da <\/span><strong style=\"font-size: 1rem;\" data-start=\"332\" data-end=\"405\">transfer\u00eancia de uma imagem impressa em papel especial para o produto<\/strong><span style=\"font-size: 1rem;\">, utilizando calor e press\u00e3o. O resultado \u00e9 uma estampa que <\/span><strong style=\"font-size: 1rem;\" data-start=\"465\" data-end=\"495\">n\u00e3o desbota com facilidade<\/strong><span style=\"font-size: 1rem;\"> e mant\u00e9m as cores vivas por muito tempo.<\/span><\/p>\t\t\t\t\t\t<\/div>\n\t\t\t\t<\/div>\n\t\t\t\t<\/div>\n\t\t\t\t\t<\/div>\n\t\t\t\t<\/div>\n\t\t<div class=\"elementor-element elementor-element-48d0423 e-flex e-con-boxed e-con e-parent\" data-id=\"48d0423\" data-element_type=\"container\">\n\t\t\t\t\t<div class=\"e-con-inner\">\n\t\t<div class=\"elementor-element elementor-element-0c88240 e-con-full e-flex e-con e-child\" data-id=\"0c88240\" data-element_type=\"container\">\n\t\t\t\t<div class=\"elementor-element elementor-element-e3c4cd4 elementor-widget elementor-widget-heading\" data-id=\"e3c4cd4\" data-element_type=\"widget\" data-widget_type=\"heading.default\">\n\t\t\t\t<div class=\"elementor-widget-container\">\n\t\t\t<h2 class=\"elementor-heading-title elementor-size-default\">Baixo relevo<\/h2>\t\t<\/div>\n\t\t\t\t<\/div>\n\t\t\t\t<\/div>\n\t\t<div class=\"elementor-element elementor-element-f974002 e-con-full e-flex e-con e-child\" data-id=\"f974002\" data-element_type=\"container\">\n\t\t\t\t<div class=\"elementor-element elementor-element-4a77c40 elementor-widget elementor-widget-text-editor\" data-id=\"4a77c40\" data-element_type=\"widget\" data-widget_type=\"text-editor.default\">\n\t\t\t\t<div class=\"elementor-widget-container\">\n\t\t\t\t\t\t\t<p>A grava\u00e7\u00e3o em baixo relevo \u00e9 um processo onde uma imagem ou texto \u00e9 <strong>pressionado em um material<\/strong>, como couro, papel\u00e3o, pl\u00e1stico ou metal, criando uma impress\u00e3o em relevo negativo. Isso significa que a imagem ou texto fica afundado no material, criando uma sensa\u00e7\u00e3o t\u00e1til \u00fanica.<\/p>\t\t\t\t\t\t<\/div>\n\t\t\t\t<\/div>\n\t\t\t\t<\/div>\n\t\t\t\t\t<\/div>\n\t\t\t\t<\/div>\n\t\t<div class=\"elementor-element elementor-element-2fec031 e-flex e-con-boxed e-con e-parent\" data-id=\"2fec031\" data-element_type=\"container\">\n\t\t\t\t\t<div class=\"e-con-inner\">\n\t\t<div class=\"elementor-element elementor-element-9ec9e7a e-con-full e-flex e-con e-child\" data-id=\"9ec9e7a\" data-element_type=\"container\">\n\t\t\t\t<div class=\"elementor-element elementor-element-99a0625 elementor-widget elementor-widget-heading\" data-id=\"99a0625\" data-element_type=\"widget\" data-widget_type=\"heading.default\">\n\t\t\t\t<div class=\"elementor-widget-container\">\n\t\t\t<h2 class=\"elementor-heading-title elementor-size-default\">Produtos 100% impressos<\/h2>\t\t<\/div>\n\t\t\t\t<\/div>\n\t\t\t\t<\/div>\n\t\t<div class=\"elementor-element elementor-element-dcbfe3b e-con-full e-flex e-con e-child\" data-id=\"dcbfe3b\" data-element_type=\"container\">\n\t\t\t\t<div class=\"elementor-element elementor-element-7ab1453 elementor-widget elementor-widget-text-editor\" data-id=\"7ab1453\" data-element_type=\"widget\" data-widget_type=\"text-editor.default\">\n\t\t\t\t<div class=\"elementor-widget-container\">\n\t\t\t\t\t\t\t<p>Nessa categoria, o produto \u00e9 <strong data-start=\"741\" data-end=\"764\">totalmente impresso<\/strong>, e n\u00e3o apenas personalizado em uma parte espec\u00edfica. Isso \u00e9 feito nos seguintes produtodos: <strong data-start=\"841\" data-end=\"893\">calend\u00e1rios e cadernos. Todo<\/strong> o design \u00e9 criado e produzido sob medida, com liberdade total de cores e imagens.<br data-start=\"999\" data-end=\"1002\" \/>Esses produtos passam por um processo gr\u00e1fico completo, com impress\u00e3o digital ou offset, permitindo <strong data-start=\"1102\" data-end=\"1150\">alta qualidade visual e personaliza\u00e7\u00e3o total<\/strong> \u2014 desde a capa at\u00e9 os detalhes internos.<\/p>\t\t\t\t\t\t<\/div>\n\t\t\t\t<\/div>\n\t\t\t\t<\/div>\n\t\t\t\t\t<\/div>\n\t\t\t\t<\/div>\n\t\t\t\t<\/div>\n\t\t","protected":false},"excerpt":{"rendered":"<p>ENTENDA NOSSAS GRAVA\u00c7\u00d5ES Laser Usado principalmente em materais met\u00e1licos, que temos como exemplo: squeezes, canetas e chaveiros. Essa grava\u00e7\u00e3o utiliza um feixe laser para corroer a pe\u00e7a, n\u00e3o permitindo cores, deixando a grava\u00e7\u00e3o permanente e muito resistente \u00e0 abras\u00e3o. Gravamos sempre um lado da pe\u00e7a. Alguns produtos permitem dois lados, com valor adicional na unidade. [&hellip;]<\/p>\n","protected":false},"author":1,"featured_media":0,"parent":0,"menu_order":0,"comment_status":"closed","ping_status":"closed","template":"","meta":{"footnotes":""},"class_list":["post-3971","page","type-page","status-publish","hentry"],"_links":{"self":[{"href":"https:\/\/comexbrindes.com.br\/site\/wp-json\/wp\/v2\/pages\/3971","targetHints":{"allow":["GET"]}}],"collection":[{"href":"https:\/\/comexbrindes.com.br\/site\/wp-json\/wp\/v2\/pages"}],"about":[{"href":"https:\/\/comexbrindes.com.br\/site\/wp-json\/wp\/v2\/types\/page"}],"author":[{"embeddable":true,"href":"https:\/\/comexbrindes.com.br\/site\/wp-json\/wp\/v2\/users\/1"}],"replies":[{"embeddable":true,"href":"https:\/\/comexbrindes.com.br\/site\/wp-json\/wp\/v2\/comments?post=3971"}],"version-history":[{"count":46,"href":"https:\/\/comexbrindes.com.br\/site\/wp-json\/wp\/v2\/pages\/3971\/revisions"}],"predecessor-version":[{"id":7895,"href":"https:\/\/comexbrindes.com.br\/site\/wp-json\/wp\/v2\/pages\/3971\/revisions\/7895"}],"wp:attachment":[{"href":"https:\/\/comexbrindes.com.br\/site\/wp-json\/wp\/v2\/media?parent=3971"}],"curies":[{"name":"wp","href":"https:\/\/api.w.org\/{rel}","templated":true}]}}