{"id":2034,"date":"2024-04-17T13:59:20","date_gmt":"2024-04-17T13:59:20","guid":{"rendered":"https:\/\/comexbrindes.com.br\/site\/?page_id=2034"},"modified":"2024-06-04T19:03:51","modified_gmt":"2024-06-04T19:03:51","slug":"pagina-inicial","status":"publish","type":"page","link":"https:\/\/comexbrindes.com.br\/site\/","title":{"rendered":"P\u00e1gina Inicial"},"content":{"rendered":"\t\t<div data-elementor-type=\"wp-page\" data-elementor-id=\"2034\" class=\"elementor elementor-2034\">\n\t\t\t\t<div class=\"elementor-element elementor-element-bcb7451 e-flex e-con-boxed e-con e-parent\" data-id=\"bcb7451\" data-element_type=\"container\">\n\t\t\t\t\t<div class=\"e-con-inner\">\n\t\t\t\t\t<\/div>\n\t\t\t\t<\/div>\n\t\t<div class=\"elementor-element elementor-element-8e18dcc e-flex e-con-boxed e-con e-parent\" data-id=\"8e18dcc\" data-element_type=\"container\">\n\t\t\t\t\t<div class=\"e-con-inner\">\n\t\t\t\t<div class=\"elementor-element elementor-element-c465c1e elementor-widget elementor-widget-spacer\" data-id=\"c465c1e\" data-element_type=\"widget\" data-widget_type=\"spacer.default\">\n\t\t\t\t<div class=\"elementor-widget-container\">\n\t\t\t\t\t<div class=\"elementor-spacer\">\n\t\t\t<div class=\"elementor-spacer-inner\"><\/div>\n\t\t<\/div>\n\t\t\t\t<\/div>\n\t\t\t\t<\/div>\n\t\t\t\t\t<\/div>\n\t\t\t\t<\/div>\n\t\t<div class=\"elementor-element elementor-element-3a2efae e-con-full e-flex e-con e-parent\" data-id=\"3a2efae\" data-element_type=\"container\">\n\t\t<div class=\"elementor-element elementor-element-0c01647 e-con-full e-flex e-con e-child\" data-id=\"0c01647\" data-element_type=\"container\">\n\t\t\t\t<div class=\"elementor-element elementor-element-80189f9 elementor-widget__width-initial elementor-widget elementor-widget-text-editor\" data-id=\"80189f9\" data-element_type=\"widget\" data-widget_type=\"text-editor.default\">\n\t\t\t\t<div class=\"elementor-widget-container\">\n\t\t\t\t\t\t\t<span style=\"color: var( --e-global-color-text ); font-family: var( --e-global-typography-text-font-family ), Sans-serif; font-weight: var( --e-global-typography-text-font-weight ); font-size: 2rem;\">A Comex Brindes coloca personalidade em seus brindes. Queremos atend\u00ea-los na velocidade de seus neg\u00f3cios, com produtos criativos,\u00a0<\/span><span style=\"color: var( --e-global-color-text ); font-family: var( --e-global-typography-text-font-family ), Sans-serif; font-weight: var( --e-global-typography-text-font-weight ); font-size: 2rem;\">design moderno e arrojado. A op\u00e7\u00e3o exata para seu or\u00e7amento. Sempre presente nos grandes eventos.<\/span>\t\t\t\t\t\t<\/div>\n\t\t\t\t<\/div>\n\t\t\t\t<\/div>\n\t\t\t\t<\/div>\n\t\t<div class=\"elementor-element elementor-element-918a3fb e-flex e-con-boxed e-con e-parent\" data-id=\"918a3fb\" data-element_type=\"container\" data-settings=\"{&quot;background_background&quot;:&quot;classic&quot;}\">\n\t\t\t\t\t<div class=\"e-con-inner\">\n\t\t\t\t<div class=\"elementor-element elementor-element-3e76bf2 elementor-widget elementor-widget-spacer\" data-id=\"3e76bf2\" data-element_type=\"widget\" data-widget_type=\"spacer.default\">\n\t\t\t\t<div class=\"elementor-widget-container\">\n\t\t\t\t\t<div class=\"elementor-spacer\">\n\t\t\t<div class=\"elementor-spacer-inner\"><\/div>\n\t\t<\/div>\n\t\t\t\t<\/div>\n\t\t\t\t<\/div>\n\t\t\t\t\t<\/div>\n\t\t\t\t<\/div>\n\t\t<div class=\"elementor-element elementor-element-723d2cc e-flex e-con-boxed e-con e-parent\" data-id=\"723d2cc\" data-element_type=\"container\" data-settings=\"{&quot;background_background&quot;:&quot;classic&quot;}\">\n\t\t\t\t\t<div class=\"e-con-inner\">\n\t\t<div class=\"elementor-element elementor-element-1ff74ab e-con-full e-flex e-con e-child\" data-id=\"1ff74ab\" data-element_type=\"container\">\n\t\t\t\t<div class=\"elementor-element elementor-element-606d8fc elementor-align-center elementor-widget__width-inherit animated-slow elementor-invisible elementor-widget elementor-widget-shopengine-product-category-lists\" data-id=\"606d8fc\" data-element_type=\"widget\" data-settings=\"{&quot;_animation&quot;:&quot;fadeIn&quot;}\" data-widget_type=\"shopengine-product-category-lists.default\">\n\t\t\t\t<div class=\"elementor-widget-container\">\n\t\t\t<div class=\"shopengine shopengine-widget\"><\/div>\t\t<\/div>\n\t\t\t\t<\/div>\n\t\t\t\t<\/div>\n\t\t\t\t\t<\/div>\n\t\t\t\t<\/div>\n\t\t<div class=\"elementor-element elementor-element-dbb776c e-con-full e-flex e-con e-parent\" data-id=\"dbb776c\" data-element_type=\"container\">\n\t\t\t\t<div class=\"elementor-element elementor-element-90df5b3 elementor-align-center elementor-widget elementor-widget-button\" data-id=\"90df5b3\" data-element_type=\"widget\" data-widget_type=\"button.default\">\n\t\t\t\t<div class=\"elementor-widget-container\">\n\t\t\t\t\t\t\t<div class=\"elementor-button-wrapper\">\n\t\t\t\t\t<a class=\"elementor-button elementor-button-link elementor-size-sm elementor-animation-shrink\" href=\"https:\/\/comexbrindes.com.br\/site\/produtos\/\">\n\t\t\t\t\t\t<span class=\"elementor-button-content-wrapper\">\n\t\t\t\t\t\t\t\t\t<span class=\"elementor-button-text\">CONFIRA TODOS NOSSOS PRODUTOS<\/span>\n\t\t\t\t\t<\/span>\n\t\t\t\t\t<\/a>\n\t\t\t\t<\/div>\n\t\t\t\t\t\t<\/div>\n\t\t\t\t<\/div>\n\t\t\t\t<\/div>\n\t\t<div class=\"elementor-element elementor-element-3148229 e-flex e-con-boxed e-con e-parent\" data-id=\"3148229\" data-element_type=\"container\">\n\t\t\t\t\t<div class=\"e-con-inner\">\n\t\t\t\t<div class=\"elementor-element elementor-element-0e259a2 elementor-widget elementor-widget-spacer\" data-id=\"0e259a2\" data-element_type=\"widget\" data-widget_type=\"spacer.default\">\n\t\t\t\t<div class=\"elementor-widget-container\">\n\t\t\t\t\t<div class=\"elementor-spacer\">\n\t\t\t<div class=\"elementor-spacer-inner\"><\/div>\n\t\t<\/div>\n\t\t\t\t<\/div>\n\t\t\t\t<\/div>\n\t\t\t\t\t<\/div>\n\t\t\t\t<\/div>\n\t\t<div class=\"elementor-element elementor-element-eadfad6 e-flex e-con-boxed e-con e-parent\" data-id=\"eadfad6\" data-element_type=\"container\">\n\t\t\t\t\t<div class=\"e-con-inner\">\n\t\t\t\t\t<\/div>\n\t\t\t\t<\/div>\n\t\t<div class=\"elementor-element elementor-element-3afece3 e-flex e-con-boxed e-con e-parent\" data-id=\"3afece3\" data-element_type=\"container\">\n\t\t\t\t\t<div class=\"e-con-inner\">\n\t\t\t\t<div class=\"elementor-element elementor-element-e1767a5 elementor-widget elementor-widget-spacer\" data-id=\"e1767a5\" data-element_type=\"widget\" data-widget_type=\"spacer.default\">\n\t\t\t\t<div class=\"elementor-widget-container\">\n\t\t\t\t\t<div class=\"elementor-spacer\">\n\t\t\t<div class=\"elementor-spacer-inner\"><\/div>\n\t\t<\/div>\n\t\t\t\t<\/div>\n\t\t\t\t<\/div>\n\t\t\t\t\t<\/div>\n\t\t\t\t<\/div>\n\t\t<div class=\"elementor-element elementor-element-dd13ab8 e-flex e-con-boxed e-con e-parent\" data-id=\"dd13ab8\" data-element_type=\"container\" data-settings=\"{&quot;background_background&quot;:&quot;classic&quot;}\">\n\t\t\t\t\t<div class=\"e-con-inner\">\n\t\t\t\t<div class=\"elementor-element elementor-element-02b3fbe elementor-widget elementor-widget-heading\" data-id=\"02b3fbe\" data-element_type=\"widget\" data-widget_type=\"heading.default\">\n\t\t\t\t<div class=\"elementor-widget-container\">\n\t\t\t<h2 class=\"elementor-heading-title elementor-size-default\">NOS SIGA NAS REDES SOCIAIS<\/h2>\t\t<\/div>\n\t\t\t\t<\/div>\n\t\t\t\t\t<\/div>\n\t\t\t\t<\/div>\n\t\t<div class=\"elementor-element elementor-element-368ba65 e-flex e-con-boxed e-con e-parent\" data-id=\"368ba65\" data-element_type=\"container\">\n\t\t\t\t\t<div class=\"e-con-inner\">\n\t\t\t\t<div class=\"elementor-element elementor-element-9d7cd27 elementor-widget elementor-widget-text-editor\" data-id=\"9d7cd27\" data-element_type=\"widget\" data-widget_type=\"text-editor.default\">\n\t\t\t\t<div class=\"elementor-widget-container\">\n\t\t\t\t\t\t\t<p>Acompanhe a Comex Brindes nas redes sociais e fique sabendo de nossas novidades.<\/p>\t\t\t\t\t\t<\/div>\n\t\t\t\t<\/div>\n\t\t\t\t\t<\/div>\n\t\t\t\t<\/div>\n\t\t<div class=\"elementor-element elementor-element-80026b3 e-con-full e-flex e-con e-parent\" data-id=\"80026b3\" data-element_type=\"container\">\n\t\t\t\t<div class=\"elementor-element elementor-element-37ed994 inavii-pagination-no inavii-arrow-vertical-middle inavii-pagination-horizontal-center elementor-widget elementor-widget-inavii-grid\" data-id=\"37ed994\" data-element_type=\"widget\" data-widget_type=\"inavii-grid.default\">\n\t\t\t\t<div class=\"elementor-widget-container\">\n\t\t\t\n    <div class=\"inavii-ajax inavii-skeleton-container  inavii-grid inavii-grid__type-wave\"\n         data-items-mobile=\"3\" data-settings=\"&#x7B;&quot;feed_offset&quot;&#x3A;0,&quot;feed_id&quot;&#x3A;4015,&quot;posts_count&quot;&#x3A;5,&quot;posts_count_available&quot;&#x3A;5,&quot;items&quot;&#x3A;&#x5B;&#x5D;,&quot;items_desktop&quot;&#x3A;5,&quot;items_mobile&quot;&#x3A;3,&quot;is_mobile&quot;&#x3A;false,&quot;img_animation_class&quot;&#x3A;&quot;&quot;,&quot;follow_button_url&quot;&#x3A;&quot;https&#x3A;&#x5C;&#x2F;&#x5C;&#x2F;www.instagram.com&#x5C;&#x2F;comexbrindes&quot;,&quot;enable_photo_linking&quot;&#x3A;&quot;popup&quot;,&quot;target&quot;&#x3A;&quot;_self&quot;,&quot;layoutView&quot;&#x3A;&quot;none&quot;,&quot;imageSize&quot;&#x3A;&quot;medium&quot;,&quot;enable_avatar_lightbox&quot;&#x3A;false,&quot;avatar_url&quot;&#x3A;&quot;https&#x3A;&#x5C;&#x2F;&#x5C;&#x2F;comexbrindes.com.br&#x5C;&#x2F;site&#x5C;&#x2F;wp-content&#x5C;&#x2F;plugins&#x5C;&#x2F;inavii-social-feed-for-elementor&#x5C;&#x2F;assets&#x5C;&#x2F;images&#x5C;&#x2F;placehorder-user.svg&quot;,&quot;username&quot;&#x3A;&quot;comexbrindes&quot;,&quot;username_lightbox&quot;&#x3A;&quot;comexbrindes&quot;,&quot;username_lightbox_switch&quot;&#x3A;false,&quot;widget_id&quot;&#x3A;&quot;37ed994&quot;,&quot;layout_type&quot;&#x3A;&quot;wave&quot;,&quot;enable_popup_follow_button&quot;&#x3A;true,&quot;enable_popup_icon_follow_button&quot;&#x3A;true,&quot;follow_popup_button_icon&quot;&#x3A;&#x7B;&quot;icon_class&quot;&#x3A;&quot;&lt;svg&#x20;aria-hidden&#x3D;&#x5C;&quot;true&#x5C;&quot;&#x20;class&#x3D;&#x5C;&quot;e-font-icon-svg&#x20;e-fab-instagram&#x5C;&quot;&#x20;viewBox&#x3D;&#x5C;&quot;0&#x20;0&#x20;448&#x20;512&#x5C;&quot;&#x20;xmlns&#x3D;&#x5C;&quot;http&#x3A;&#x5C;&#x2F;&#x5C;&#x2F;www.w3.org&#x5C;&#x2F;2000&#x5C;&#x2F;svg&#x5C;&quot;&gt;&lt;path&#x20;d&#x3D;&#x5C;&quot;M224.1&#x20;141c-63.6&#x20;0-114.9&#x20;51.3-114.9&#x20;114.9s51.3&#x20;114.9&#x20;114.9&#x20;114.9S339&#x20;319.5&#x20;339&#x20;255.9&#x20;287.7&#x20;141&#x20;224.1&#x20;141zm0&#x20;189.6c-41.1&#x20;0-74.7-33.5-74.7-74.7s33.5-74.7&#x20;74.7-74.7&#x20;74.7&#x20;33.5&#x20;74.7&#x20;74.7-33.6&#x20;74.7-74.7&#x20;74.7zm146.4-194.3c0&#x20;14.9-12&#x20;26.8-26.8&#x20;26.8-14.9&#x20;0-26.8-12-26.8-26.8s12-26.8&#x20;26.8-26.8&#x20;26.8&#x20;12&#x20;26.8&#x20;26.8zm76.1&#x20;27.2c-1.7-35.9-9.9-67.7-36.2-93.9-26.2-26.2-58-34.4-93.9-36.2-37-2.1-147.9-2.1-184.9&#x20;0-35.8&#x20;1.7-67.6&#x20;9.9-93.9&#x20;36.1s-34.4&#x20;58-36.2&#x20;93.9c-2.1&#x20;37-2.1&#x20;147.9&#x20;0&#x20;184.9&#x20;1.7&#x20;35.9&#x20;9.9&#x20;67.7&#x20;36.2&#x20;93.9s58&#x20;34.4&#x20;93.9&#x20;36.2c37&#x20;2.1&#x20;147.9&#x20;2.1&#x20;184.9&#x20;0&#x20;35.9-1.7&#x20;67.7-9.9&#x20;93.9-36.2&#x20;26.2-26.2&#x20;34.4-58&#x20;36.2-93.9&#x20;2.1-37&#x20;2.1-147.8&#x20;0-184.8zM398.8&#x20;388c-7.8&#x20;19.6-22.9&#x20;34.7-42.6&#x20;42.6-29.5&#x20;11.7-99.5&#x20;9-132.1&#x20;9s-102.7&#x20;2.6-132.1-9c-19.6-7.8-34.7-22.9-42.6-42.6-11.7-29.5-9-99.5-9-132.1s-2.6-102.7&#x20;9-132.1c7.8-19.6&#x20;22.9-34.7&#x20;42.6-42.6&#x20;29.5-11.7&#x20;99.5-9&#x20;132.1-9s102.7-2.6&#x20;132.1&#x20;9c19.6&#x20;7.8&#x20;34.7&#x20;22.9&#x20;42.6&#x20;42.6&#x20;11.7&#x20;29.5&#x20;9&#x20;99.5&#x20;9&#x20;132.1s2.7&#x20;102.7-9&#x20;132.1z&#x5C;&quot;&gt;&lt;&#x5C;&#x2F;path&gt;&lt;&#x5C;&#x2F;svg&gt;&quot;&#x7D;,&quot;follow_popup_button_text&quot;&#x3A;&quot;View&#x20;on&#x20;Instagram&quot;,&quot;enable_lightbox_follow_button&quot;&#x3A;false,&quot;enable_lightbox_icon_follow_button&quot;&#x3A;false,&quot;follow_lightbox_button_icon&quot;&#x3A;&#x7B;&quot;icon_class&quot;&#x3A;&quot;&lt;svg&#x20;aria-hidden&#x3D;&#x5C;&quot;true&#x5C;&quot;&#x20;class&#x3D;&#x5C;&quot;e-font-icon-svg&#x20;e-fab-instagram&#x5C;&quot;&#x20;viewBox&#x3D;&#x5C;&quot;0&#x20;0&#x20;448&#x20;512&#x5C;&quot;&#x20;xmlns&#x3D;&#x5C;&quot;http&#x3A;&#x5C;&#x2F;&#x5C;&#x2F;www.w3.org&#x5C;&#x2F;2000&#x5C;&#x2F;svg&#x5C;&quot;&gt;&lt;path&#x20;d&#x3D;&#x5C;&quot;M224.1&#x20;141c-63.6&#x20;0-114.9&#x20;51.3-114.9&#x20;114.9s51.3&#x20;114.9&#x20;114.9&#x20;114.9S339&#x20;319.5&#x20;339&#x20;255.9&#x20;287.7&#x20;141&#x20;224.1&#x20;141zm0&#x20;189.6c-41.1&#x20;0-74.7-33.5-74.7-74.7s33.5-74.7&#x20;74.7-74.7&#x20;74.7&#x20;33.5&#x20;74.7&#x20;74.7-33.6&#x20;74.7-74.7&#x20;74.7zm146.4-194.3c0&#x20;14.9-12&#x20;26.8-26.8&#x20;26.8-14.9&#x20;0-26.8-12-26.8-26.8s12-26.8&#x20;26.8-26.8&#x20;26.8&#x20;12&#x20;26.8&#x20;26.8zm76.1&#x20;27.2c-1.7-35.9-9.9-67.7-36.2-93.9-26.2-26.2-58-34.4-93.9-36.2-37-2.1-147.9-2.1-184.9&#x20;0-35.8&#x20;1.7-67.6&#x20;9.9-93.9&#x20;36.1s-34.4&#x20;58-36.2&#x20;93.9c-2.1&#x20;37-2.1&#x20;147.9&#x20;0&#x20;184.9&#x20;1.7&#x20;35.9&#x20;9.9&#x20;67.7&#x20;36.2&#x20;93.9s58&#x20;34.4&#x20;93.9&#x20;36.2c37&#x20;2.1&#x20;147.9&#x20;2.1&#x20;184.9&#x20;0&#x20;35.9-1.7&#x20;67.7-9.9&#x20;93.9-36.2&#x20;26.2-26.2&#x20;34.4-58&#x20;36.2-93.9&#x20;2.1-37&#x20;2.1-147.8&#x20;0-184.8zM398.8&#x20;388c-7.8&#x20;19.6-22.9&#x20;34.7-42.6&#x20;42.6-29.5&#x20;11.7-99.5&#x20;9-132.1&#x20;9s-102.7&#x20;2.6-132.1-9c-19.6-7.8-34.7-22.9-42.6-42.6-11.7-29.5-9-99.5-9-132.1s-2.6-102.7&#x20;9-132.1c7.8-19.6&#x20;22.9-34.7&#x20;42.6-42.6&#x20;29.5-11.7&#x20;99.5-9&#x20;132.1-9s102.7-2.6&#x20;132.1&#x20;9c19.6&#x20;7.8&#x20;34.7&#x20;22.9&#x20;42.6&#x20;42.6&#x20;11.7&#x20;29.5&#x20;9&#x20;99.5&#x20;9&#x20;132.1s2.7&#x20;102.7-9&#x20;132.1z&#x5C;&quot;&gt;&lt;&#x5C;&#x2F;path&gt;&lt;&#x5C;&#x2F;svg&gt;&quot;&#x7D;,&quot;follow_lightbox_button_text&quot;&#x3A;&quot;View&#x20;on&#x20;Instagram&quot;,&quot;is_promotion&quot;&#x3A;false,&quot;is_pro&quot;&#x3A;false,&quot;video_playback&quot;&#x3A;true,&quot;render_type&quot;&#x3A;&quot;AJAX&quot;&#x7D;\"\n\n                        >\n\n\n                    \n            \n                            \n            \n        \n                \n    <div class=\"inavii-image-skeleton-init\" style=\"\"><\/div>\n        \n                \n    <div class=\"inavii-image-skeleton-init\" style=\"transform: translateY(-24px);\"><\/div>\n        \n                \n    <div class=\"inavii-image-skeleton-init\" style=\"\"><\/div>\n        \n                \n    <div class=\"inavii-image-skeleton-init\" style=\"transform: translateY(-24px);\"><\/div>\n        \n                            \n            \n    <div class=\"inavii-image-skeleton-init\" style=\"\"><\/div>\n            \n                    \n        \n    <\/div>\n\n\t\t<\/div>\n\t\t\t\t<\/div>\n\t\t\t\t<\/div>\n\t\t<div class=\"elementor-element elementor-element-6f19694 e-flex e-con-boxed e-con e-parent\" data-id=\"6f19694\" data-element_type=\"container\">\n\t\t\t\t\t<div class=\"e-con-inner\">\n\t\t\t\t<div class=\"elementor-element elementor-element-352ae63 elementor-align-center elementor-widget elementor-widget-button\" data-id=\"352ae63\" data-element_type=\"widget\" data-widget_type=\"button.default\">\n\t\t\t\t<div class=\"elementor-widget-container\">\n\t\t\t\t\t\t\t<div class=\"elementor-button-wrapper\">\n\t\t\t\t\t<a class=\"elementor-button elementor-button-link elementor-size-sm elementor-animation-shrink\" href=\"https:\/\/www.instagram.com\/comexbrindes\/\">\n\t\t\t\t\t\t<span class=\"elementor-button-content-wrapper\">\n\t\t\t\t\t\t<span class=\"elementor-button-icon\">\n\t\t\t\t<svg aria-hidden=\"true\" class=\"e-font-icon-svg e-fab-instagram\" viewBox=\"0 0 448 512\" xmlns=\"http:\/\/www.w3.org\/2000\/svg\"><path d=\"M224.1 141c-63.6 0-114.9 51.3-114.9 114.9s51.3 114.9 114.9 114.9S339 319.5 339 255.9 287.7 141 224.1 141zm0 189.6c-41.1 0-74.7-33.5-74.7-74.7s33.5-74.7 74.7-74.7 74.7 33.5 74.7 74.7-33.6 74.7-74.7 74.7zm146.4-194.3c0 14.9-12 26.8-26.8 26.8-14.9 0-26.8-12-26.8-26.8s12-26.8 26.8-26.8 26.8 12 26.8 26.8zm76.1 27.2c-1.7-35.9-9.9-67.7-36.2-93.9-26.2-26.2-58-34.4-93.9-36.2-37-2.1-147.9-2.1-184.9 0-35.8 1.7-67.6 9.9-93.9 36.1s-34.4 58-36.2 93.9c-2.1 37-2.1 147.9 0 184.9 1.7 35.9 9.9 67.7 36.2 93.9s58 34.4 93.9 36.2c37 2.1 147.9 2.1 184.9 0 35.9-1.7 67.7-9.9 93.9-36.2 26.2-26.2 34.4-58 36.2-93.9 2.1-37 2.1-147.8 0-184.8zM398.8 388c-7.8 19.6-22.9 34.7-42.6 42.6-29.5 11.7-99.5 9-132.1 9s-102.7 2.6-132.1-9c-19.6-7.8-34.7-22.9-42.6-42.6-11.7-29.5-9-99.5-9-132.1s-2.6-102.7 9-132.1c7.8-19.6 22.9-34.7 42.6-42.6 29.5-11.7 99.5-9 132.1-9s102.7-2.6 132.1 9c19.6 7.8 34.7 22.9 42.6 42.6 11.7 29.5 9 99.5 9 132.1s2.7 102.7-9 132.1z\"><\/path><\/svg>\t\t\t<\/span>\n\t\t\t\t\t\t\t\t\t<span class=\"elementor-button-text\">SIGA NOSSO INSTAGRAM<\/span>\n\t\t\t\t\t<\/span>\n\t\t\t\t\t<\/a>\n\t\t\t\t<\/div>\n\t\t\t\t\t\t<\/div>\n\t\t\t\t<\/div>\n\t\t\t\t\t<\/div>\n\t\t\t\t<\/div>\n\t\t\t\t<\/div>\n\t\t","protected":false},"excerpt":{"rendered":"<p>A Comex Brindes coloca personalidade em seus brindes. Queremos atend\u00ea-los na velocidade de seus neg\u00f3cios, com produtos criativos,\u00a0design moderno e arrojado. A op\u00e7\u00e3o exata para seu or\u00e7amento. Sempre presente nos grandes eventos. Squeezes e Garrafas Sol e Chuva Malas e Mochilas Copos e Canecas Churrasco Canetas Calend\u00e1rios Bolsas T\u00e9rmicas CONFIRA TODOS NOSSOS PRODUTOS NOS SIGA [&hellip;]<\/p>\n","protected":false},"author":1,"featured_media":0,"parent":0,"menu_order":0,"comment_status":"closed","ping_status":"closed","template":"elementor_header_footer","meta":{"footnotes":""},"class_list":["post-2034","page","type-page","status-publish","hentry"],"_links":{"self":[{"href":"https:\/\/comexbrindes.com.br\/site\/wp-json\/wp\/v2\/pages\/2034","targetHints":{"allow":["GET"]}}],"collection":[{"href":"https:\/\/comexbrindes.com.br\/site\/wp-json\/wp\/v2\/pages"}],"about":[{"href":"https:\/\/comexbrindes.com.br\/site\/wp-json\/wp\/v2\/types\/page"}],"author":[{"embeddable":true,"href":"https:\/\/comexbrindes.com.br\/site\/wp-json\/wp\/v2\/users\/1"}],"replies":[{"embeddable":true,"href":"https:\/\/comexbrindes.com.br\/site\/wp-json\/wp\/v2\/comments?post=2034"}],"version-history":[{"count":421,"href":"https:\/\/comexbrindes.com.br\/site\/wp-json\/wp\/v2\/pages\/2034\/revisions"}],"predecessor-version":[{"id":4716,"href":"https:\/\/comexbrindes.com.br\/site\/wp-json\/wp\/v2\/pages\/2034\/revisions\/4716"}],"wp:attachment":[{"href":"https:\/\/comexbrindes.com.br\/site\/wp-json\/wp\/v2\/media?parent=2034"}],"curies":[{"name":"wp","href":"https:\/\/api.w.org\/{rel}","templated":true}]}}